{"id":12,"date":"2025-06-19T15:30:45","date_gmt":"2025-06-19T15:30:45","guid":{"rendered":"https:\/\/hispanamente.rkinformatika.online\/?page_id=12"},"modified":"2025-06-19T16:35:12","modified_gmt":"2025-06-19T16:35:12","slug":"servicios","status":"publish","type":"page","link":"https:\/\/hispanamente.es\/en\/servicios\/","title":{"rendered":"Services"},"content":{"rendered":"<div data-elementor-type=\"wp-page\" data-elementor-id=\"12\" class=\"elementor elementor-12\" data-elementor-post-type=\"page\">\n\t\t\t\t<div class=\"elementor-element elementor-element-41ed09b4 e-con-full e-flex e-con e-parent\" data-id=\"41ed09b4\" data-element_type=\"container\" data-e-type=\"container\" data-settings=\"{&quot;background_background&quot;:&quot;classic&quot;}\">\n\t\t\t\t<\/div>\n\t\t<div class=\"elementor-element elementor-element-78f4a038 e-flex e-con-boxed e-con e-parent\" data-id=\"78f4a038\" data-element_type=\"container\" data-e-type=\"container\">\n\t\t\t\t\t<div class=\"e-con-inner\">\n\t\t\t\t<div class=\"elementor-element elementor-element-5649730a elementor-widget elementor-widget-heading\" data-id=\"5649730a\" data-element_type=\"widget\" data-e-type=\"widget\" data-widget_type=\"heading.default\">\n\t\t\t\t<div class=\"elementor-widget-container\">\n\t\t\t\t\t<h2 class=\"elementor-heading-title elementor-size-default\">Services<\/h2>\t\t\t\t<\/div>\n\t\t\t\t<\/div>\n\t\t\t\t<div class=\"elementor-element elementor-element-18e546b5 elementor-widget elementor-widget-text-editor\" data-id=\"18e546b5\" data-element_type=\"widget\" data-e-type=\"widget\" data-widget_type=\"text-editor.default\">\n\t\t\t\t<div class=\"elementor-widget-container\">\n\t\t\t\t\t\t\t\t\t<div class=\"rich-text__text rte\"><p data-start=\"88\" data-end=\"177\"><strong data-start=\"121\" data-end=\"177\">\u00abTu camino hacia el espa\u00f1ol con confianza y calidad\u00bb<\/strong><\/p><\/div>\t\t\t\t\t\t\t\t<\/div>\n\t\t\t\t<\/div>\n\t\t\t\t\t<\/div>\n\t\t\t\t<\/div>\n\t\t<div class=\"elementor-element elementor-element-3b1a4d3 e-flex e-con-boxed e-con e-parent\" data-id=\"3b1a4d3\" data-element_type=\"container\" data-e-type=\"container\">\n\t\t\t\t\t<div class=\"e-con-inner\">\n\t\t\t\t<div class=\"elementor-element elementor-element-2f26555 elementor-widget__width-initial elementor-widget elementor-widget-text-editor\" data-id=\"2f26555\" data-element_type=\"widget\" data-e-type=\"widget\" data-widget_type=\"text-editor.default\">\n\t\t\t\t<div class=\"elementor-widget-container\">\n\t\t\t\t\t\t\t\t\t<p>\u00abNos dedicamos a la ense\u00f1anza del espa\u00f1ol como lengua extranjera (ELE), combinando profesionalidad, cercan\u00eda y una amplia experiencia en la formaci\u00f3n en l\u00ednea. Nuestro objetivo es acompa\u00f1ar a estudiantes de todo el mundo en su proceso de aprendizaje del espa\u00f1ol, ofreci\u00e9ndoles clases din\u00e1micas, personalizadas y adaptadas a sus necesidades. Creemos en una ense\u00f1anza pr\u00e1ctica, comunicativa y motivadora, que no solo ayude a mejorar el idioma, sino que tambi\u00e9n conecte con la cultura hispanohablante. Ya sea que empieces desde cero o busques perfeccionar tu nivel, estamos aqu\u00ed para ayudarte a alcanzar tus metas ling\u00fc\u00edsticas con confianza y eficacia.\u00bb<\/p>\t\t\t\t\t\t\t\t<\/div>\n\t\t\t\t<\/div>\n\t\t\t\t\t<\/div>\n\t\t\t\t<\/div>\n\t\t<div class=\"elementor-element elementor-element-9e1af33 e-flex e-con-boxed e-con e-parent\" data-id=\"9e1af33\" data-element_type=\"container\" data-e-type=\"container\">\n\t\t\t\t\t<div class=\"e-con-inner\">\n\t\t<div class=\"elementor-element elementor-element-bbb0a4e e-con-full e-flex e-con e-child\" data-id=\"bbb0a4e\" data-element_type=\"container\" data-e-type=\"container\">\n\t\t\t\t<div class=\"elementor-element elementor-element-c934b40 elementor-widget elementor-widget-image\" data-id=\"c934b40\" data-element_type=\"widget\" data-e-type=\"widget\" data-widget_type=\"image.default\">\n\t\t\t\t<div class=\"elementor-widget-container\">\n\t\t\t\t\t\t\t\t\t\t\t\t\t\t\t<img fetchpriority=\"high\" decoding=\"async\" width=\"800\" height=\"447\" src=\"https:\/\/hispanamente.es\/wp-content\/uploads\/2025\/06\/a_well-lit_study_desk_with_several_open_and_stacked_spanish_language_books_colorful_pens_notebooks__tox5gqf6zvfu96b0qqvu_3-1024x572.png\" class=\"attachment-large size-large wp-image-150\" alt=\"\" srcset=\"https:\/\/hispanamente.es\/wp-content\/uploads\/2025\/06\/a_well-lit_study_desk_with_several_open_and_stacked_spanish_language_books_colorful_pens_notebooks__tox5gqf6zvfu96b0qqvu_3-1024x572.png 1024w, https:\/\/hispanamente.es\/wp-content\/uploads\/2025\/06\/a_well-lit_study_desk_with_several_open_and_stacked_spanish_language_books_colorful_pens_notebooks__tox5gqf6zvfu96b0qqvu_3-300x167.png 300w, https:\/\/hispanamente.es\/wp-content\/uploads\/2025\/06\/a_well-lit_study_desk_with_several_open_and_stacked_spanish_language_books_colorful_pens_notebooks__tox5gqf6zvfu96b0qqvu_3-768x429.png 768w, https:\/\/hispanamente.es\/wp-content\/uploads\/2025\/06\/a_well-lit_study_desk_with_several_open_and_stacked_spanish_language_books_colorful_pens_notebooks__tox5gqf6zvfu96b0qqvu_3-18x10.png 18w, https:\/\/hispanamente.es\/wp-content\/uploads\/2025\/06\/a_well-lit_study_desk_with_several_open_and_stacked_spanish_language_books_colorful_pens_notebooks__tox5gqf6zvfu96b0qqvu_3.png 1376w\" sizes=\"(max-width: 800px) 100vw, 800px\" \/>\t\t\t\t\t\t\t\t\t\t\t\t\t\t\t<\/div>\n\t\t\t\t<\/div>\n\t\t\t\t<\/div>\n\t\t<div class=\"elementor-element elementor-element-e9b6dc2 e-con-full e-flex e-con e-child\" data-id=\"e9b6dc2\" data-element_type=\"container\" data-e-type=\"container\">\n\t\t\t\t<div class=\"elementor-element elementor-element-3e72992 elementor-widget elementor-widget-heading\" data-id=\"3e72992\" data-element_type=\"widget\" data-e-type=\"widget\" data-widget_type=\"heading.default\">\n\t\t\t\t<div class=\"elementor-widget-container\">\n\t\t\t\t\t<h2 class=\"elementor-heading-title elementor-size-default\">Clases de espa\u00f1ol como lengua extranjera (ELE)<\/h2>\t\t\t\t<\/div>\n\t\t\t\t<\/div>\n\t\t\t\t<div class=\"elementor-element elementor-element-2ce340c elementor-widget elementor-widget-text-editor\" data-id=\"2ce340c\" data-element_type=\"widget\" data-e-type=\"widget\" data-widget_type=\"text-editor.default\">\n\t\t\t\t<div class=\"elementor-widget-container\">\n\t\t\t\t\t\t\t\t\t<p data-start=\"153\" data-end=\"256\">Ofrecemos ense\u00f1anza especializada para estudiantes internacionales, desde nivel inicial hasta avanzado.<\/p>\t\t\t\t\t\t\t\t<\/div>\n\t\t\t\t<\/div>\n\t\t\t\t<div class=\"elementor-element elementor-element-8a8533e elementor-widget elementor-widget-heading\" data-id=\"8a8533e\" data-element_type=\"widget\" data-e-type=\"widget\" data-widget_type=\"heading.default\">\n\t\t\t\t<div class=\"elementor-widget-container\">\n\t\t\t\t\t<h2 class=\"elementor-heading-title elementor-size-default\">Formaci\u00f3n en l\u00ednea personalizada<\/h2>\t\t\t\t<\/div>\n\t\t\t\t<\/div>\n\t\t\t\t<div class=\"elementor-element elementor-element-b9bf7ea elementor-widget elementor-widget-text-editor\" data-id=\"b9bf7ea\" data-element_type=\"widget\" data-e-type=\"widget\" data-widget_type=\"text-editor.default\">\n\t\t\t\t<div class=\"elementor-widget-container\">\n\t\t\t\t\t\t\t\t\t<p data-start=\"309\" data-end=\"415\">Clases adaptadas a tu ritmo, nivel y objetivos, con materiales interactivos y seguimiento individualizado.<\/p><h3 data-start=\"252\" data-end=\"273\">\u00a0<\/h3>\t\t\t\t\t\t\t\t<\/div>\n\t\t\t\t<\/div>\n\t\t\t\t<\/div>\n\t\t\t\t\t<\/div>\n\t\t\t\t<\/div>\n\t\t<div class=\"elementor-element elementor-element-762d33a5 e-flex e-con-boxed e-con e-parent\" data-id=\"762d33a5\" data-element_type=\"container\" data-e-type=\"container\">\n\t\t\t\t\t<div class=\"e-con-inner\">\n\t\t<div class=\"elementor-element elementor-element-a3b235c e-con-full e-flex e-con e-child\" data-id=\"a3b235c\" data-element_type=\"container\" data-e-type=\"container\">\n\t\t\t\t<div class=\"elementor-element elementor-element-5bea7fad elementor-widget elementor-widget-heading\" data-id=\"5bea7fad\" data-element_type=\"widget\" data-e-type=\"widget\" data-widget_type=\"heading.default\">\n\t\t\t\t<div class=\"elementor-widget-container\">\n\t\t\t\t\t<h2 class=\"elementor-heading-title elementor-size-default\">Ense\u00f1anza pr\u00e1ctica y comunicativa<\/h2>\t\t\t\t<\/div>\n\t\t\t\t<\/div>\n\t\t\t\t<div class=\"elementor-element elementor-element-312c64a7 elementor-widget elementor-widget-text-editor\" data-id=\"312c64a7\" data-element_type=\"widget\" data-e-type=\"widget\" data-widget_type=\"text-editor.default\">\n\t\t\t\t<div class=\"elementor-widget-container\">\n\t\t\t\t\t\t\t\t\t<p data-start=\"469\" data-end=\"602\">Metodolog\u00eda centrada en la comunicaci\u00f3n real, desarrollando habilidades para usar el espa\u00f1ol en contextos cotidianos y profesionales.<\/p>\t\t\t\t\t\t\t\t<\/div>\n\t\t\t\t<\/div>\n\t\t\t\t<\/div>\n\t\t<div class=\"elementor-element elementor-element-6df21596 e-con-full e-flex e-con e-child\" data-id=\"6df21596\" data-element_type=\"container\" data-e-type=\"container\">\n\t\t\t\t<div class=\"elementor-element elementor-element-c924184 elementor-widget elementor-widget-heading\" data-id=\"c924184\" data-element_type=\"widget\" data-e-type=\"widget\" data-widget_type=\"heading.default\">\n\t\t\t\t<div class=\"elementor-widget-container\">\n\t\t\t\t\t<h2 class=\"elementor-heading-title elementor-size-default\">Conexi\u00f3n con la cultura hispanohablante<\/h2>\t\t\t\t<\/div>\n\t\t\t\t<\/div>\n\t\t\t\t<div class=\"elementor-element elementor-element-6d43af66 elementor-widget elementor-widget-text-editor\" data-id=\"6d43af66\" data-element_type=\"widget\" data-e-type=\"widget\" data-widget_type=\"text-editor.default\">\n\t\t\t\t<div class=\"elementor-widget-container\">\n\t\t\t\t\t\t\t\t\t<p data-start=\"274\" data-end=\"445\">Integramos aspectos culturales en nuestras clases para una experiencia de aprendizaje m\u00e1s rica y significativa.<\/p>\t\t\t\t\t\t\t\t<\/div>\n\t\t\t\t<\/div>\n\t\t\t\t<\/div>\n\t\t<div class=\"elementor-element elementor-element-617c082c e-con-full e-flex e-con e-child\" data-id=\"617c082c\" data-element_type=\"container\" data-e-type=\"container\">\n\t\t\t\t<div class=\"elementor-element elementor-element-1c60e014 elementor-widget elementor-widget-heading\" data-id=\"1c60e014\" data-element_type=\"widget\" data-e-type=\"widget\" data-widget_type=\"heading.default\">\n\t\t\t\t<div class=\"elementor-widget-container\">\n\t\t\t\t\t<h2 class=\"elementor-heading-title elementor-size-default\">Acompa\u00f1amiento continuo y motivador<\/h2>\t\t\t\t<\/div>\n\t\t\t\t<\/div>\n\t\t\t\t<div class=\"elementor-element elementor-element-2254515c elementor-widget elementor-widget-text-editor\" data-id=\"2254515c\" data-element_type=\"widget\" data-e-type=\"widget\" data-widget_type=\"text-editor.default\">\n\t\t\t\t<div class=\"elementor-widget-container\">\n\t\t\t\t\t\t\t\t\t<p data-start=\"466\" data-end=\"598\">Te guiamos durante todo tu proceso de aprendizaje con apoyo constante, motivaci\u00f3n y confianza.<\/p>\t\t\t\t\t\t\t\t<\/div>\n\t\t\t\t<\/div>\n\t\t\t\t<\/div>\n\t\t\t\t\t<\/div>\n\t\t\t\t<\/div>\n\t\t\t\t<\/div>","protected":false},"excerpt":{"rendered":"<p>Servicios \u00abTu camino hacia el espa\u00f1ol con confianza y calidad\u00bb \u00abNos dedicamos a la ense\u00f1anza del espa\u00f1ol como lengua extranjera (ELE), combinando profesionalidad, cercan\u00eda y una amplia experiencia en la formaci\u00f3n en l\u00ednea. Nuestro objetivo es acompa\u00f1ar a estudiantes de todo el mundo en su proceso de aprendizaje del espa\u00f1ol, ofreci\u00e9ndoles clases din\u00e1micas, personalizadas y [&hellip;]<\/p>\n","protected":false},"author":1,"featured_media":0,"parent":0,"menu_order":0,"comment_status":"closed","ping_status":"closed","template":"","meta":{"footnotes":""},"class_list":["post-12","page","type-page","status-publish","hentry"],"yoast_head":"<!-- This site is optimized with the Yoast SEO plugin v27.3 - https:\/\/yoast.com\/product\/yoast-seo-wordpress\/ -->\n<title>Servicios - Hispana Mente<\/title>\n<meta name=\"robots\" content=\"index, follow, max-snippet:-1, max-image-preview:large, max-video-preview:-1\" \/>\n<link rel=\"canonical\" href=\"https:\/\/hispanamente.es\/en\/servicios\/\" \/>\n<meta property=\"og:locale\" content=\"en_GB\" \/>\n<meta property=\"og:type\" content=\"article\" \/>\n<meta property=\"og:title\" content=\"Servicios - Hispana Mente\" \/>\n<meta property=\"og:description\" content=\"Servicios \u00abTu camino hacia el espa\u00f1ol con confianza y calidad\u00bb \u00abNos dedicamos a la ense\u00f1anza del espa\u00f1ol como lengua extranjera (ELE), combinando profesionalidad, cercan\u00eda y una amplia experiencia en la formaci\u00f3n en l\u00ednea. Nuestro objetivo es acompa\u00f1ar a estudiantes de todo el mundo en su proceso de aprendizaje del espa\u00f1ol, ofreci\u00e9ndoles clases din\u00e1micas, personalizadas y [&hellip;]\" \/>\n<meta property=\"og:url\" content=\"https:\/\/hispanamente.es\/en\/servicios\/\" \/>\n<meta property=\"og:site_name\" content=\"Hispana Mente\" \/>\n<meta property=\"article:modified_time\" content=\"2025-06-19T16:35:12+00:00\" \/>\n<meta property=\"og:image\" content=\"https:\/\/hispanamente.es\/wp-content\/uploads\/2025\/06\/a_well-lit_study_desk_with_several_open_and_stacked_spanish_language_books_colorful_pens_notebooks__tox5gqf6zvfu96b0qqvu_3-1024x572.png\" \/>\n<meta name=\"twitter:card\" content=\"summary_large_image\" \/>\n<meta name=\"twitter:label1\" content=\"Estimated reading time\" \/>\n\t<meta name=\"twitter:data1\" content=\"2 minutes\" \/>\n<script type=\"application\/ld+json\" class=\"yoast-schema-graph\">{\"@context\":\"https:\\\/\\\/schema.org\",\"@graph\":[{\"@type\":\"WebPage\",\"@id\":\"https:\\\/\\\/hispanamente.es\\\/servicios\\\/\",\"url\":\"https:\\\/\\\/hispanamente.es\\\/servicios\\\/\",\"name\":\"Servicios - Hispana Mente\",\"isPartOf\":{\"@id\":\"https:\\\/\\\/hispanamente.es\\\/#website\"},\"primaryImageOfPage\":{\"@id\":\"https:\\\/\\\/hispanamente.es\\\/servicios\\\/#primaryimage\"},\"image\":{\"@id\":\"https:\\\/\\\/hispanamente.es\\\/servicios\\\/#primaryimage\"},\"thumbnailUrl\":\"https:\\\/\\\/hispanamente.es\\\/wp-content\\\/uploads\\\/2025\\\/06\\\/a_well-lit_study_desk_with_several_open_and_stacked_spanish_language_books_colorful_pens_notebooks__tox5gqf6zvfu96b0qqvu_3-1024x572.png\",\"datePublished\":\"2025-06-19T15:30:45+00:00\",\"dateModified\":\"2025-06-19T16:35:12+00:00\",\"breadcrumb\":{\"@id\":\"https:\\\/\\\/hispanamente.es\\\/servicios\\\/#breadcrumb\"},\"inLanguage\":\"en-GB\",\"potentialAction\":[{\"@type\":\"ReadAction\",\"target\":[\"https:\\\/\\\/hispanamente.es\\\/servicios\\\/\"]}]},{\"@type\":\"ImageObject\",\"inLanguage\":\"en-GB\",\"@id\":\"https:\\\/\\\/hispanamente.es\\\/servicios\\\/#primaryimage\",\"url\":\"https:\\\/\\\/hispanamente.es\\\/wp-content\\\/uploads\\\/2025\\\/06\\\/a_well-lit_study_desk_with_several_open_and_stacked_spanish_language_books_colorful_pens_notebooks__tox5gqf6zvfu96b0qqvu_3-1024x572.png\",\"contentUrl\":\"https:\\\/\\\/hispanamente.es\\\/wp-content\\\/uploads\\\/2025\\\/06\\\/a_well-lit_study_desk_with_several_open_and_stacked_spanish_language_books_colorful_pens_notebooks__tox5gqf6zvfu96b0qqvu_3-1024x572.png\"},{\"@type\":\"BreadcrumbList\",\"@id\":\"https:\\\/\\\/hispanamente.es\\\/servicios\\\/#breadcrumb\",\"itemListElement\":[{\"@type\":\"ListItem\",\"position\":1,\"name\":\"Portada\",\"item\":\"https:\\\/\\\/hispanamente.es\\\/\"},{\"@type\":\"ListItem\",\"position\":2,\"name\":\"Servicios\"}]},{\"@type\":\"WebSite\",\"@id\":\"https:\\\/\\\/hispanamente.es\\\/#website\",\"url\":\"https:\\\/\\\/hispanamente.es\\\/\",\"name\":\"Hispana Mente\",\"description\":\"\",\"publisher\":{\"@id\":\"https:\\\/\\\/hispanamente.es\\\/#organization\"},\"potentialAction\":[{\"@type\":\"SearchAction\",\"target\":{\"@type\":\"EntryPoint\",\"urlTemplate\":\"https:\\\/\\\/hispanamente.es\\\/?s={search_term_string}\"},\"query-input\":{\"@type\":\"PropertyValueSpecification\",\"valueRequired\":true,\"valueName\":\"search_term_string\"}}],\"inLanguage\":\"en-GB\"},{\"@type\":\"Organization\",\"@id\":\"https:\\\/\\\/hispanamente.es\\\/#organization\",\"name\":\"Hispana Mente\",\"url\":\"https:\\\/\\\/hispanamente.es\\\/\",\"logo\":{\"@type\":\"ImageObject\",\"inLanguage\":\"en-GB\",\"@id\":\"https:\\\/\\\/hispanamente.es\\\/#\\\/schema\\\/logo\\\/image\\\/\",\"url\":\"https:\\\/\\\/hispanamente.es\\\/wp-content\\\/uploads\\\/2025\\\/06\\\/cropped-Logo-Sinai-Garcia-Diaz-Sinai-Garcia-01.png\",\"contentUrl\":\"https:\\\/\\\/hispanamente.es\\\/wp-content\\\/uploads\\\/2025\\\/06\\\/cropped-Logo-Sinai-Garcia-Diaz-Sinai-Garcia-01.png\",\"width\":1920,\"height\":1080,\"caption\":\"Hispana Mente \"},\"image\":{\"@id\":\"https:\\\/\\\/hispanamente.es\\\/#\\\/schema\\\/logo\\\/image\\\/\"}}]}<\/script>\n<!-- \/ Yoast SEO plugin. -->","yoast_head_json":{"title":"Servicios - Hispana Mente","robots":{"index":"index","follow":"follow","max-snippet":"max-snippet:-1","max-image-preview":"max-image-preview:large","max-video-preview":"max-video-preview:-1"},"canonical":"https:\/\/hispanamente.es\/en\/servicios\/","og_locale":"en_GB","og_type":"article","og_title":"Servicios - Hispana Mente","og_description":"Servicios \u00abTu camino hacia el espa\u00f1ol con confianza y calidad\u00bb \u00abNos dedicamos a la ense\u00f1anza del espa\u00f1ol como lengua extranjera (ELE), combinando profesionalidad, cercan\u00eda y una amplia experiencia en la formaci\u00f3n en l\u00ednea. Nuestro objetivo es acompa\u00f1ar a estudiantes de todo el mundo en su proceso de aprendizaje del espa\u00f1ol, ofreci\u00e9ndoles clases din\u00e1micas, personalizadas y [&hellip;]","og_url":"https:\/\/hispanamente.es\/en\/servicios\/","og_site_name":"Hispana Mente","article_modified_time":"2025-06-19T16:35:12+00:00","og_image":[{"url":"https:\/\/hispanamente.es\/wp-content\/uploads\/2025\/06\/a_well-lit_study_desk_with_several_open_and_stacked_spanish_language_books_colorful_pens_notebooks__tox5gqf6zvfu96b0qqvu_3-1024x572.png","type":"","width":"","height":""}],"twitter_card":"summary_large_image","twitter_misc":{"Estimated reading time":"2 minutes"},"schema":{"@context":"https:\/\/schema.org","@graph":[{"@type":"WebPage","@id":"https:\/\/hispanamente.es\/servicios\/","url":"https:\/\/hispanamente.es\/servicios\/","name":"Servicios - Hispana Mente","isPartOf":{"@id":"https:\/\/hispanamente.es\/#website"},"primaryImageOfPage":{"@id":"https:\/\/hispanamente.es\/servicios\/#primaryimage"},"image":{"@id":"https:\/\/hispanamente.es\/servicios\/#primaryimage"},"thumbnailUrl":"https:\/\/hispanamente.es\/wp-content\/uploads\/2025\/06\/a_well-lit_study_desk_with_several_open_and_stacked_spanish_language_books_colorful_pens_notebooks__tox5gqf6zvfu96b0qqvu_3-1024x572.png","datePublished":"2025-06-19T15:30:45+00:00","dateModified":"2025-06-19T16:35:12+00:00","breadcrumb":{"@id":"https:\/\/hispanamente.es\/servicios\/#breadcrumb"},"inLanguage":"en-GB","potentialAction":[{"@type":"ReadAction","target":["https:\/\/hispanamente.es\/servicios\/"]}]},{"@type":"ImageObject","inLanguage":"en-GB","@id":"https:\/\/hispanamente.es\/servicios\/#primaryimage","url":"https:\/\/hispanamente.es\/wp-content\/uploads\/2025\/06\/a_well-lit_study_desk_with_several_open_and_stacked_spanish_language_books_colorful_pens_notebooks__tox5gqf6zvfu96b0qqvu_3-1024x572.png","contentUrl":"https:\/\/hispanamente.es\/wp-content\/uploads\/2025\/06\/a_well-lit_study_desk_with_several_open_and_stacked_spanish_language_books_colorful_pens_notebooks__tox5gqf6zvfu96b0qqvu_3-1024x572.png"},{"@type":"BreadcrumbList","@id":"https:\/\/hispanamente.es\/servicios\/#breadcrumb","itemListElement":[{"@type":"ListItem","position":1,"name":"Portada","item":"https:\/\/hispanamente.es\/"},{"@type":"ListItem","position":2,"name":"Servicios"}]},{"@type":"WebSite","@id":"https:\/\/hispanamente.es\/#website","url":"https:\/\/hispanamente.es\/","name":"Hispana Mente","description":"","publisher":{"@id":"https:\/\/hispanamente.es\/#organization"},"potentialAction":[{"@type":"SearchAction","target":{"@type":"EntryPoint","urlTemplate":"https:\/\/hispanamente.es\/?s={search_term_string}"},"query-input":{"@type":"PropertyValueSpecification","valueRequired":true,"valueName":"search_term_string"}}],"inLanguage":"en-GB"},{"@type":"Organization","@id":"https:\/\/hispanamente.es\/#organization","name":"Hispana Mente","url":"https:\/\/hispanamente.es\/","logo":{"@type":"ImageObject","inLanguage":"en-GB","@id":"https:\/\/hispanamente.es\/#\/schema\/logo\/image\/","url":"https:\/\/hispanamente.es\/wp-content\/uploads\/2025\/06\/cropped-Logo-Sinai-Garcia-Diaz-Sinai-Garcia-01.png","contentUrl":"https:\/\/hispanamente.es\/wp-content\/uploads\/2025\/06\/cropped-Logo-Sinai-Garcia-Diaz-Sinai-Garcia-01.png","width":1920,"height":1080,"caption":"Hispana Mente "},"image":{"@id":"https:\/\/hispanamente.es\/#\/schema\/logo\/image\/"}}]}},"_links":{"self":[{"href":"https:\/\/hispanamente.es\/en\/wp-json\/wp\/v2\/pages\/12","targetHints":{"allow":["GET"]}}],"collection":[{"href":"https:\/\/hispanamente.es\/en\/wp-json\/wp\/v2\/pages"}],"about":[{"href":"https:\/\/hispanamente.es\/en\/wp-json\/wp\/v2\/types\/page"}],"author":[{"embeddable":true,"href":"https:\/\/hispanamente.es\/en\/wp-json\/wp\/v2\/users\/1"}],"replies":[{"embeddable":true,"href":"https:\/\/hispanamente.es\/en\/wp-json\/wp\/v2\/comments?post=12"}],"version-history":[{"count":16,"href":"https:\/\/hispanamente.es\/en\/wp-json\/wp\/v2\/pages\/12\/revisions"}],"predecessor-version":[{"id":170,"href":"https:\/\/hispanamente.es\/en\/wp-json\/wp\/v2\/pages\/12\/revisions\/170"}],"wp:attachment":[{"href":"https:\/\/hispanamente.es\/en\/wp-json\/wp\/v2\/media?parent=12"}],"curies":[{"name":"wp","href":"https:\/\/api.w.org\/{rel}","templated":true}]}}